{"id":632,"date":"2025-10-03T10:39:41","date_gmt":"2025-10-03T08:39:41","guid":{"rendered":"https:\/\/demosites.royal-elementor-addons.com\/real-estate-consultant-v1\/?page_id=10"},"modified":"2026-03-10T20:47:57","modified_gmt":"2026-03-10T19:47:57","slug":"quien-es-marta-korpas","status":"publish","type":"page","link":"https:\/\/metodolumora.com\/index.php\/quien-es-marta-korpas\/","title":{"rendered":"Qui\u00e9n es Marta Korpas"},"content":{"rendered":"\t\t<div data-elementor-type=\"wp-page\" data-elementor-id=\"632\" class=\"elementor elementor-632\" data-elementor-post-type=\"page\">\n\t\t\t\t<div class=\"elementor-element elementor-element-2a0ebae e-flex e-con-boxed wpr-particle-no wpr-jarallax-no wpr-parallax-no wpr-sticky-section-no e-con e-parent\" data-id=\"2a0ebae\" data-element_type=\"container\" data-e-type=\"container\" data-settings=\"{&quot;background_background&quot;:&quot;classic&quot;}\">\n\t\t\t\t\t<div class=\"e-con-inner\">\n\t\t<div class=\"elementor-element elementor-element-210cb9d e-con-full e-flex wpr-particle-no wpr-jarallax-no wpr-parallax-no wpr-sticky-section-no e-con e-child\" data-id=\"210cb9d\" data-element_type=\"container\" data-e-type=\"container\">\n\t\t\t\t<div class=\"elementor-element elementor-element-bc3fad6 elementor-widget elementor-widget-heading\" data-id=\"bc3fad6\" data-element_type=\"widget\" data-e-type=\"widget\" data-widget_type=\"heading.default\">\n\t\t\t\t\t<h2 class=\"elementor-heading-title elementor-size-default\"><b>MARTA KORPAS<br><\/b>\nCREADORA DEL M\u00c9TODO LUMORA\n<\/h2>\t\t\t\t<\/div>\n\t\t\t\t<\/div>\n\t\t\t\t\t<\/div>\n\t\t\t\t<\/div>\n\t\t<div class=\"elementor-element elementor-element-418447c e-flex e-con-boxed wpr-particle-no wpr-jarallax-no wpr-parallax-no wpr-sticky-section-no e-con e-parent\" data-id=\"418447c\" data-element_type=\"container\" data-e-type=\"container\">\n\t\t\t\t\t<div class=\"e-con-inner\">\n\t\t<div class=\"elementor-element elementor-element-3940487 e-con-full e-flex wpr-particle-no wpr-jarallax-no wpr-parallax-no wpr-sticky-section-no elementor-invisible e-con e-child\" data-id=\"3940487\" data-element_type=\"container\" data-e-type=\"container\" data-settings=\"{&quot;animation&quot;:&quot;slideInLeft&quot;}\">\n\t\t\t\t<div class=\"elementor-element elementor-element-544dbe5 elementor-widget elementor-widget-heading\" data-id=\"544dbe5\" data-element_type=\"widget\" data-e-type=\"widget\" data-widget_type=\"heading.default\">\n\t\t\t\t\t<h2 class=\"elementor-heading-title elementor-size-default\">C\u00f3mo Marta Korpas cre\u00f3 el M\u00e9todo LUMORA\u00ae <br>para transformar miles de vidas<\/h2>\t\t\t\t<\/div>\n\t\t\t\t<div class=\"elementor-element elementor-element-9eb7ade elementor-widget elementor-widget-text-editor\" data-id=\"9eb7ade\" data-element_type=\"widget\" data-e-type=\"widget\" data-widget_type=\"text-editor.default\">\n\t\t\t\t\t\t\t\t\t<p style=\"margin: 0cm 0cm 12.0pt 0cm;\"><span lang=\"ES\" style=\"font-family: Helvetica;\">Mi camino profesional comenz\u00f3 en el a\u00f1o 2000 como Nutricionista. En mis comienzos ya observaba que ten\u00eda que fortalecer la mentalidad de mis pacientes para que consiguieran sus objetivos, de ah\u00ed que empezara a formarme con los a\u00f1os en Inteligencia Emocional, Medicina Cu\u00e1ntica, Bioenerg\u00e9tica y Reprogramaci\u00f3n Mental entre muchas otras disciplinas enfocadas en el cuidado de las personas.\u00a0<\/span><\/p>\t\t\t\t\t\t\t\t<\/div>\n\t\t\t\t<div class=\"elementor-element elementor-element-d3d6214 elementor-widget elementor-widget-text-editor\" data-id=\"d3d6214\" data-element_type=\"widget\" data-e-type=\"widget\" data-widget_type=\"text-editor.default\">\n\t\t\t\t\t\t\t\t\t<p><span lang=\"ES\" style=\"font-family: Helvetica;\">Esta decisi\u00f3n la llev\u00f3 a cambiar el rumbo de su vida laboral y empec\u00e9\u00a0a recibir todo tipo de casos con un denominador com\u00fan, mejorar sus vidas en cualquier \u00e1rea, sanar traumas o bloqueos y aprender otra forma de vivir.<\/span><\/p>\t\t\t\t\t\t\t\t<\/div>\n\t\t\t\t<\/div>\n\t\t<div class=\"elementor-element elementor-element-ac6b8b4 e-con-full e-flex wpr-particle-no wpr-jarallax-no wpr-parallax-no wpr-sticky-section-no e-con e-child\" data-id=\"ac6b8b4\" data-element_type=\"container\" data-e-type=\"container\">\n\t\t\t\t<div class=\"elementor-element elementor-element-05d1b9a elementor-invisible elementor-widget elementor-widget-image\" data-id=\"05d1b9a\" data-element_type=\"widget\" data-e-type=\"widget\" data-settings=\"{&quot;_animation&quot;:&quot;fadeIn&quot;}\" data-widget_type=\"image.default\">\n\t\t\t\t\t\t\t\t\t\t\t\t\t\t\t<img fetchpriority=\"high\" decoding=\"async\" width=\"1707\" height=\"2560\" src=\"https:\/\/metodolumora.com\/wp-content\/uploads\/2026\/03\/MK-003-scaled.jpg\" class=\"attachment-full size-full wp-image-913\" alt=\"\" srcset=\"https:\/\/metodolumora.com\/wp-content\/uploads\/2026\/03\/MK-003-scaled.jpg 1707w, https:\/\/metodolumora.com\/wp-content\/uploads\/2026\/03\/MK-003-200x300.jpg 200w, https:\/\/metodolumora.com\/wp-content\/uploads\/2026\/03\/MK-003-683x1024.jpg 683w, https:\/\/metodolumora.com\/wp-content\/uploads\/2026\/03\/MK-003-768x1152.jpg 768w, https:\/\/metodolumora.com\/wp-content\/uploads\/2026\/03\/MK-003-1024x1536.jpg 1024w, https:\/\/metodolumora.com\/wp-content\/uploads\/2026\/03\/MK-003-1365x2048.jpg 1365w\" sizes=\"(max-width: 1707px) 100vw, 1707px\" \/>\t\t\t\t\t\t\t\t\t\t\t\t\t\t\t<\/div>\n\t\t\t\t<\/div>\n\t\t\t\t\t<\/div>\n\t\t\t\t<\/div>\n\t\t<div class=\"elementor-element elementor-element-7bf1986 e-flex e-con-boxed wpr-particle-no wpr-jarallax-no wpr-parallax-no wpr-sticky-section-no e-con e-parent\" data-id=\"7bf1986\" data-element_type=\"container\" data-e-type=\"container\" data-settings=\"{&quot;background_background&quot;:&quot;video&quot;,&quot;background_video_link&quot;:&quot;https:\\\/\\\/www.youtube.com\\\/watch?v=cidNviGF9XE&quot;,&quot;background_play_on_mobile&quot;:&quot;yes&quot;}\">\n\t\t\t\t\t<div class=\"e-con-inner\">\n\t\t<div class=\"elementor-background-video-container\">\n\t\t\t\t\t\t\t<div class=\"elementor-background-video-embed\" role=\"presentation\"><\/div>\n\t\t\t\t\t\t<\/div>\t\t<div class=\"elementor-element elementor-element-4c27aab wpr-advanced-text-style-animated wpr-fancy-text-typing wpr-animated-text-infinite-yes elementor-invisible elementor-widget elementor-widget-wpr-advanced-text\" data-id=\"4c27aab\" data-element_type=\"widget\" data-e-type=\"widget\" data-settings=\"{&quot;_animation&quot;:&quot;zoomIn&quot;,&quot;anim_loop&quot;:&quot;yes&quot;}\" data-widget_type=\"wpr-advanced-text.default\">\n\t\t\t\t\t\n\t\t<h3 class=\"wpr-advanced-text\">\n\n\t\t\t\t\t\n\t\t\t\t\t\t\t<span class=\"wpr-advanced-text-preffix\">MI HISTORIA PERSONAL<\/span>\n\t\t\t\n\t\t<span class=\"wpr-anim-text wpr-anim-text-type-typing wpr-anim-text-letters\" data-anim-duration=\"200,2000\" data-anim-loop=\"yes\">\n\t\t\t<span class=\"wpr-anim-text-inner\">\n\t\t\t\t\t\t\t<\/span>\n\t\t\t\t\t<\/span>\n\n\t\t\t\t\n\t\t<\/h3>\n\t\t\n\t\t\t\t\t\t<\/div>\n\t\t\t\t\t<\/div>\n\t\t\t\t<\/div>\n\t\t<div class=\"elementor-element elementor-element-27ab3e4 e-flex e-con-boxed wpr-particle-no wpr-jarallax-no wpr-parallax-no wpr-sticky-section-no elementor-invisible e-con e-parent\" data-id=\"27ab3e4\" data-element_type=\"container\" data-e-type=\"container\" data-settings=\"{&quot;animation&quot;:&quot;slideInUp&quot;}\">\n\t\t\t\t\t<div class=\"e-con-inner\">\n\t\t<div class=\"elementor-element elementor-element-45aa2fd e-con-full e-flex wpr-particle-no wpr-jarallax-no wpr-parallax-no wpr-sticky-section-no e-con e-child\" data-id=\"45aa2fd\" data-element_type=\"container\" data-e-type=\"container\" data-settings=\"{&quot;background_background&quot;:&quot;classic&quot;}\">\n\t\t<div class=\"elementor-element elementor-element-3df2631 e-grid e-con-full wpr-particle-no wpr-jarallax-no wpr-parallax-no wpr-sticky-section-no e-con e-child\" data-id=\"3df2631\" data-element_type=\"container\" data-e-type=\"container\">\n\t\t\t\t<div class=\"elementor-element elementor-element-8ee0510 elementor-invisible elementor-widget elementor-widget-text-editor\" data-id=\"8ee0510\" data-element_type=\"widget\" data-e-type=\"widget\" data-settings=\"{&quot;_animation&quot;:&quot;zoomIn&quot;,&quot;_animation_delay&quot;:100}\" data-widget_type=\"text-editor.default\">\n\t\t\t\t\t\t\t\t\t<p style=\"margin: 0cm 0cm 12.0pt 0cm;\"><span lang=\"ES\" style=\"font-family: Helvetica;\">Detr\u00e1s de esta herramienta \u00daNICA de\u00a0<b>reprogramaci\u00f3n mental, vertical, horizontal y energ\u00e9tica hay<span class=\"apple-converted-space\">\u00a0<\/span><\/b>una mujer que atraves\u00f3 sus propios bloqueos, se enfrent\u00f3 a sus creencias m\u00e1s profundas y reprogram\u00f3 su propia vida. Tratando las relaciones de parejas, durante a\u00f1os repet\u00eda una y otra vez el mismo patr\u00f3n, sanando a su ni\u00f1a interior desde la ra\u00edz tras una segunda infancia muy dura, reprogramando su tiroiditis de Hashimoto hasta lograr ser una paciente asintom\u00e1tica, hemorragias menstruales que imped\u00edan la curaci\u00f3n de anemia y una fibromialgia en grado 3 diagnosticada con apenas 29 a\u00f1os, que sufr\u00eda crisis de no poder caminar.\u00a0<\/span><\/p>\t\t\t\t\t\t\t\t<\/div>\n\t\t\t\t<\/div>\n\t\t<div class=\"elementor-element elementor-element-eecc30f e-con-full e-flex wpr-particle-no wpr-jarallax-no wpr-parallax-no wpr-sticky-section-no e-con e-child\" data-id=\"eecc30f\" data-element_type=\"container\" data-e-type=\"container\">\n\t\t\t\t<div class=\"elementor-element elementor-element-28d484d wpr-promo-box-style-cover elementor-invisible elementor-widget elementor-widget-wpr-promo-box\" data-id=\"28d484d\" data-element_type=\"widget\" data-e-type=\"widget\" data-settings=\"{&quot;_animation&quot;:&quot;zoomIn&quot;}\" data-widget_type=\"wpr-promo-box.default\">\n\t\t\t\t\t\n\t\t<div class=\"wpr-promo-box wpr-animation-wrap\">\n\n\t\t\t\t\t\t<a class=\"wpr-promo-box-link\" href=\"#\"><\/a>\t\n\t\t\t\t\t\t\t\n\t\t\t\t\t\t\t<div class=\"wpr-promo-box-image\">\n\t\t\t\t\t<div class=\"wpr-promo-box-bg-image wpr-bg-anim-zoom-in wpr-anim-timing-ease-default\" style=\"background-image:url(https:\/\/metodolumora.com\/wp-content\/plugins\/elementor\/assets\/images\/placeholder.png);\"><\/div>\n\t\t\t\t\t<div class=\"wpr-promo-box-bg-overlay wpr-border-anim-none\"><\/div>\n\t\t\t\t<\/div>\n\t\t\t\t\t\t\n\t\t\t<div class=\"wpr-promo-box-content\">\n\n\t\t\t\t\t\t\t\t<div class=\"wpr-promo-box-icon\">\n\t\t\t\t\t\t\t\t\t<\/div>\n\t\t\t\t\n\t\t\t\t<h3 class=\"wpr-promo-box-title\"><span>El\u00a0M\u00e9todo LUMORA\u00ae<\/span><\/h3>\n\t\t\t\t\t\t\t\t\t<div class=\"wpr-promo-box-description\">\n\t\t\t\t\t\t<p>Es un conjunto de t\u00e9cnicas que ME SALVARON PRIMERO A M\u00cd, y despu\u00e9s de eso empec\u00e9 a obtener resultados durante a\u00f1os en consulta en miles de personas.<\/p>\t\n\t\t\t\t\t<\/div>\t\t\t\t\t\t\n\t\t\t\t\n\t\t\t\t\t\t\t<\/div>\n\n\t\t\t\t\t<\/div>\n\n\t\t\t\t\t\t<\/div>\n\t\t\t\t<div class=\"elementor-element elementor-element-1fa4b16 wpr-promo-box-style-cover elementor-invisible elementor-widget elementor-widget-wpr-promo-box\" data-id=\"1fa4b16\" data-element_type=\"widget\" data-e-type=\"widget\" data-settings=\"{&quot;_animation&quot;:&quot;zoomIn&quot;}\" data-widget_type=\"wpr-promo-box.default\">\n\t\t\t\t\t\n\t\t<div class=\"wpr-promo-box wpr-animation-wrap\">\n\n\t\t\t\t\t\t<a class=\"wpr-promo-box-link\" href=\"#\"><\/a>\t\n\t\t\t\t\t\t\t\n\t\t\t\t\t\t\t<div class=\"wpr-promo-box-image\">\n\t\t\t\t\t<div class=\"wpr-promo-box-bg-image wpr-bg-anim-zoom-in wpr-anim-timing-ease-default\" style=\"background-image:url(https:\/\/metodolumora.com\/wp-content\/plugins\/elementor\/assets\/images\/placeholder.png);\"><\/div>\n\t\t\t\t\t<div class=\"wpr-promo-box-bg-overlay wpr-border-anim-none\"><\/div>\n\t\t\t\t<\/div>\n\t\t\t\t\t\t\n\t\t\t<div class=\"wpr-promo-box-content\">\n\n\t\t\t\t\t\t\t\t<div class=\"wpr-promo-box-icon\">\n\t\t\t\t\t\t\t\t\t<\/div>\n\t\t\t\t\n\t\t\t\t<h3 class=\"wpr-promo-box-title\"><span>EL M\u00c9TODO LUMORA\u00ae<\/span><\/h3>\n\t\t\t\t\t\t\t\t\t<div class=\"wpr-promo-box-description\">\n\t\t\t\t\t\t<p>Es una t\u00e9cnica de reprogramaci\u00f3n mental\u00a0que act\u00faa directamente sobre el subconsciente, detectando, eliminando e instalando programas que determinan c\u00f3mo pensamos, sentimos y actuamos.<\/p>\t\n\t\t\t\t\t<\/div>\t\t\t\t\t\t\n\t\t\t\t\n\t\t\t\t\t\t\t<\/div>\n\n\t\t\t\t\t<\/div>\n\n\t\t\t\t\t\t<\/div>\n\t\t\t\t<\/div>\n\t\t\t\t<\/div>\n\t\t\t\t\t<\/div>\n\t\t\t\t<\/div>\n\t\t<div class=\"elementor-element elementor-element-489e1cb e-flex e-con-boxed wpr-particle-no wpr-jarallax-no wpr-parallax-no wpr-sticky-section-no e-con e-parent\" data-id=\"489e1cb\" data-element_type=\"container\" data-e-type=\"container\">\n\t\t\t\t\t<div class=\"e-con-inner\">\n\t\t\t\t<div class=\"elementor-element elementor-element-307f4b7 elementor-widget elementor-widget-heading\" data-id=\"307f4b7\" data-element_type=\"widget\" data-e-type=\"widget\" data-widget_type=\"heading.default\">\n\t\t\t\t\t<h2 class=\"elementor-heading-title elementor-size-default\">LA ESENCIA DE LUMORA ES:<\/h2>\t\t\t\t<\/div>\n\t\t\t\t<div class=\"elementor-element elementor-element-31650ff elementor-align-start elementor-list-item-link-full_width elementor-invisible elementor-widget elementor-widget-icon-list\" data-id=\"31650ff\" data-element_type=\"widget\" data-e-type=\"widget\" data-settings=\"{&quot;_animation&quot;:&quot;fadeInUp&quot;}\" data-widget_type=\"icon-list.default\">\n\t\t\t\t\t\t\t<ul class=\"elementor-icon-list-items\">\n\t\t\t\t\t\t\t<li class=\"elementor-icon-list-item\">\n\t\t\t\t\t\t\t\t\t\t\t<span class=\"elementor-icon-list-icon\">\n\t\t\t\t\t\t\t<svg aria-hidden=\"true\" class=\"e-font-icon-svg e-fas-chevron-circle-right\" viewBox=\"0 0 512 512\" xmlns=\"http:\/\/www.w3.org\/2000\/svg\"><path d=\"M256 8c137 0 248 111 248 248S393 504 256 504 8 393 8 256 119 8 256 8zm113.9 231L234.4 103.5c-9.4-9.4-24.6-9.4-33.9 0l-17 17c-9.4 9.4-9.4 24.6 0 33.9L285.1 256 183.5 357.6c-9.4 9.4-9.4 24.6 0 33.9l17 17c9.4 9.4 24.6 9.4 33.9 0L369.9 273c9.4-9.4 9.4-24.6 0-34z\"><\/path><\/svg>\t\t\t\t\t\t<\/span>\n\t\t\t\t\t\t\t\t\t\t<span class=\"elementor-icon-list-text\">Ir a la ra\u00edz del problema.<\/span>\n\t\t\t\t\t\t\t\t\t<\/li>\n\t\t\t\t\t\t\t\t<li class=\"elementor-icon-list-item\">\n\t\t\t\t\t\t\t\t\t\t\t<span class=\"elementor-icon-list-icon\">\n\t\t\t\t\t\t\t<svg aria-hidden=\"true\" class=\"e-font-icon-svg e-fas-chevron-circle-right\" viewBox=\"0 0 512 512\" xmlns=\"http:\/\/www.w3.org\/2000\/svg\"><path d=\"M256 8c137 0 248 111 248 248S393 504 256 504 8 393 8 256 119 8 256 8zm113.9 231L234.4 103.5c-9.4-9.4-24.6-9.4-33.9 0l-17 17c-9.4 9.4-9.4 24.6 0 33.9L285.1 256 183.5 357.6c-9.4 9.4-9.4 24.6 0 33.9l17 17c9.4 9.4 24.6 9.4 33.9 0L369.9 273c9.4-9.4 9.4-24.6 0-34z\"><\/path><\/svg>\t\t\t\t\t\t<\/span>\n\t\t\t\t\t\t\t\t\t\t<span class=\"elementor-icon-list-text\">Borrar el programa limitante que lo sostiene.<\/span>\n\t\t\t\t\t\t\t\t\t<\/li>\n\t\t\t\t\t\t\t\t<li class=\"elementor-icon-list-item\">\n\t\t\t\t\t\t\t\t\t\t\t<span class=\"elementor-icon-list-icon\">\n\t\t\t\t\t\t\t<svg aria-hidden=\"true\" class=\"e-font-icon-svg e-fas-chevron-circle-right\" viewBox=\"0 0 512 512\" xmlns=\"http:\/\/www.w3.org\/2000\/svg\"><path d=\"M256 8c137 0 248 111 248 248S393 504 256 504 8 393 8 256 119 8 256 8zm113.9 231L234.4 103.5c-9.4-9.4-24.6-9.4-33.9 0l-17 17c-9.4 9.4-9.4 24.6 0 33.9L285.1 256 183.5 357.6c-9.4 9.4-9.4 24.6 0 33.9l17 17c9.4 9.4 24.6 9.4 33.9 0L369.9 273c9.4-9.4 9.4-24.6 0-34z\"><\/path><\/svg>\t\t\t\t\t\t<\/span>\n\t\t\t\t\t\t\t\t\t\t<span class=\"elementor-icon-list-text\">Instalar uno nuevo, coherente con la vida que se quiere crear.<\/span>\n\t\t\t\t\t\t\t\t\t<\/li>\n\t\t\t\t\t\t\t\t<li class=\"elementor-icon-list-item\">\n\t\t\t\t\t\t\t\t\t\t\t<span class=\"elementor-icon-list-icon\">\n\t\t\t\t\t\t\t<svg aria-hidden=\"true\" class=\"e-font-icon-svg e-fas-chevron-circle-right\" viewBox=\"0 0 512 512\" xmlns=\"http:\/\/www.w3.org\/2000\/svg\"><path d=\"M256 8c137 0 248 111 248 248S393 504 256 504 8 393 8 256 119 8 256 8zm113.9 231L234.4 103.5c-9.4-9.4-24.6-9.4-33.9 0l-17 17c-9.4 9.4-9.4 24.6 0 33.9L285.1 256 183.5 357.6c-9.4 9.4-9.4 24.6 0 33.9l17 17c9.4 9.4 24.6 9.4 33.9 0L369.9 273c9.4-9.4 9.4-24.6 0-34z\"><\/path><\/svg>\t\t\t\t\t\t<\/span>\n\t\t\t\t\t\t\t\t\t\t<span class=\"elementor-icon-list-text\">Liberar energ\u00eda para restaurar equilibrios perdidos, reparar da\u00f1os y sostener la nueva programaci\u00f3n.<\/span>\n\t\t\t\t\t\t\t\t\t<\/li>\n\t\t\t\t\t\t<\/ul>\n\t\t\t\t\t\t<\/div>\n\t\t\t\t\t<\/div>\n\t\t\t\t<\/div>\n\t\t\t\t<section class=\"elementor-section elementor-top-section elementor-element elementor-element-cdd9b49 elementor-section-boxed elementor-section-height-default elementor-section-height-default wpr-particle-no wpr-jarallax-no wpr-parallax-no wpr-sticky-section-no\" data-id=\"cdd9b49\" data-element_type=\"section\" data-e-type=\"section\" data-settings=\"{&quot;background_background&quot;:&quot;classic&quot;}\">\n\t\t\t\t\t\t<div class=\"elementor-container elementor-column-gap-default\">\n\t\t\t\t\t<div class=\"elementor-column elementor-col-100 elementor-top-column elementor-element elementor-element-3cafe023\" data-id=\"3cafe023\" data-element_type=\"column\" data-e-type=\"column\">\n\t\t\t<div class=\"elementor-widget-wrap elementor-element-populated\">\n\t\t\t\t\t\t<section class=\"elementor-section elementor-inner-section elementor-element elementor-element-1fc43b0e elementor-section-boxed elementor-section-height-default elementor-section-height-default wpr-particle-no wpr-jarallax-no wpr-parallax-no wpr-sticky-section-no\" data-id=\"1fc43b0e\" data-element_type=\"section\" data-e-type=\"section\">\n\t\t\t\t\t\t<div class=\"elementor-container elementor-column-gap-default\">\n\t\t\t\t\t<div class=\"elementor-column elementor-col-50 elementor-inner-column elementor-element elementor-element-6775879f\" data-id=\"6775879f\" data-element_type=\"column\" data-e-type=\"column\">\n\t\t\t<div class=\"elementor-widget-wrap elementor-element-populated\">\n\t\t\t\t\t\t<div class=\"elementor-element elementor-element-67265ba elementor-invisible elementor-widget elementor-widget-icon-box\" data-id=\"67265ba\" data-element_type=\"widget\" data-e-type=\"widget\" data-settings=\"{&quot;_animation&quot;:&quot;fadeInUp&quot;}\" data-widget_type=\"icon-box.default\">\n\t\t\t\t\t\t\t<div class=\"elementor-icon-box-wrapper\">\n\n\t\t\t\n\t\t\t\t\t\t<div class=\"elementor-icon-box-content\">\n\n\t\t\t\t\n\t\t\t\t\t\t\t\t\t<p class=\"elementor-icon-box-description\">\n\t\t\t\t\t\tLo que distingue a LUMORA\u00ae de otros m\u00e9todos es su\u00a0<b>precisi\u00f3n y rapidez.<\/b> No trabaja en la superficie ni en base a suposiciones:\u00a0<b>accede directamente al subconsciente,<\/b> evitando perder tiempo y obteniendo resultados visibles desde la primera sesi\u00f3n.\t\t\t\t\t<\/p>\n\t\t\t\t\n\t\t\t<\/div>\n\t\t\t\n\t\t<\/div>\n\t\t\t\t\t\t<\/div>\n\t\t\t\t\t<\/div>\n\t\t<\/div>\n\t\t\t\t<div class=\"elementor-column elementor-col-50 elementor-inner-column elementor-element elementor-element-48eece1b\" data-id=\"48eece1b\" data-element_type=\"column\" data-e-type=\"column\">\n\t\t\t<div class=\"elementor-widget-wrap elementor-element-populated\">\n\t\t\t\t\t\t<div class=\"elementor-element elementor-element-9f6fcfc elementor-invisible elementor-widget elementor-widget-icon-box\" data-id=\"9f6fcfc\" data-element_type=\"widget\" data-e-type=\"widget\" data-settings=\"{&quot;_animation&quot;:&quot;fadeInUp&quot;}\" data-widget_type=\"icon-box.default\">\n\t\t\t\t\t\t\t<div class=\"elementor-icon-box-wrapper\">\n\n\t\t\t\n\t\t\t\t\t\t<div class=\"elementor-icon-box-content\">\n\n\t\t\t\t\n\t\t\t\t\t\t\t\t\t<p class=\"elementor-icon-box-description\">\n\t\t\t\t\t\tUn m\u00e9todo s\u00f3lido que hoy se ense\u00f1a presencialmente en Sevilla y on line en personas de diferentes pa\u00edses, LUMORA ha transformado miles de vidas. Y puedes certificarte a nivel profesional y formar parte de nuestro DIRECTORIO DE TERAPEUTAS LUMORA.\t\t\t\t\t<\/p>\n\t\t\t\t\n\t\t\t<\/div>\n\t\t\t\n\t\t<\/div>\n\t\t\t\t\t\t<\/div>\n\t\t\t\t\t<\/div>\n\t\t<\/div>\n\t\t\t\t\t<\/div>\n\t\t<\/section>\n\t\t\t\t\t<\/div>\n\t\t<\/div>\n\t\t\t\t\t<\/div>\n\t\t<\/section>\n\t\t\t\t<\/div>\n\t\t","protected":false},"excerpt":{"rendered":"<p>MARTA KORPAS CREADORA DEL M\u00c9TODO LUMORA C\u00f3mo Marta Korpas cre\u00f3 el M\u00e9todo LUMORA\u00ae para transformar miles de vidas Mi camino profesional comenz\u00f3 en el a\u00f1o 2000 como Nutricionista. En mis comienzos ya observaba que ten\u00eda que fortalecer la mentalidad de mis pacientes para que consiguieran sus objetivos, de ah\u00ed que empezara a formarme con los a\u00f1os en Inteligencia Emocional, Medicina Cu\u00e1ntica, Bioenerg\u00e9tica y Reprogramaci\u00f3n Mental entre muchas otras disciplinas enfocadas en el cuidado de las personas.\u00a0 Esta decisi\u00f3n la llev\u00f3 a cambiar el rumbo de su vida laboral y empec\u00e9\u00a0a recibir todo tipo de casos con un denominador com\u00fan, mejorar sus vidas en cualquier \u00e1rea, sanar traumas o bloqueos y aprender otra forma de vivir. MI HISTORIA PERSONAL Detr\u00e1s de esta herramienta \u00daNICA de\u00a0reprogramaci\u00f3n mental, vertical, horizontal y energ\u00e9tica hay\u00a0una mujer que atraves\u00f3 sus propios bloqueos, se enfrent\u00f3 a sus creencias m\u00e1s profundas y reprogram\u00f3 su propia vida. Tratando las relaciones de parejas, durante a\u00f1os repet\u00eda una y otra vez el mismo patr\u00f3n, sanando a su ni\u00f1a interior desde la ra\u00edz tras una segunda infancia muy dura, reprogramando su tiroiditis de Hashimoto hasta lograr ser una paciente asintom\u00e1tica, hemorragias menstruales que imped\u00edan la curaci\u00f3n de anemia y una fibromialgia en grado 3 diagnosticada con apenas 29 a\u00f1os, que sufr\u00eda crisis de no poder caminar.\u00a0 El\u00a0M\u00e9todo LUMORA\u00ae Es un conjunto de t\u00e9cnicas que ME SALVARON PRIMERO A M\u00cd, y despu\u00e9s de eso empec\u00e9 a obtener resultados durante a\u00f1os en consulta en miles de personas. EL M\u00c9TODO LUMORA\u00ae Es una t\u00e9cnica de reprogramaci\u00f3n mental\u00a0que act\u00faa directamente sobre el subconsciente, detectando, eliminando e instalando programas que determinan c\u00f3mo pensamos, sentimos y actuamos. LA ESENCIA DE LUMORA ES: Ir a la ra\u00edz del problema. Borrar el programa limitante que lo sostiene. Instalar uno nuevo, coherente con la vida que se quiere crear. Liberar energ\u00eda para restaurar equilibrios perdidos, reparar da\u00f1os y sostener la nueva programaci\u00f3n. Lo que distingue a LUMORA\u00ae de otros m\u00e9todos es su\u00a0precisi\u00f3n y rapidez. No trabaja en la superficie ni en base a suposiciones:\u00a0accede directamente al subconsciente, evitando perder tiempo y obteniendo resultados visibles desde la primera sesi\u00f3n. Un m\u00e9todo s\u00f3lido que hoy se ense\u00f1a presencialmente en Sevilla y on line en personas de diferentes pa\u00edses, LUMORA ha transformado miles de vidas. Y puedes certificarte a nivel profesional y formar parte de nuestro DIRECTORIO DE TERAPEUTAS LUMORA.<\/p>\n","protected":false},"author":1,"featured_media":0,"parent":0,"menu_order":0,"comment_status":"closed","ping_status":"closed","template":"elementor_canvas","meta":{"_joinchat":[],"footnotes":""},"class_list":["post-632","page","type-page","status-publish","hentry"],"_links":{"self":[{"href":"https:\/\/metodolumora.com\/index.php\/wp-json\/wp\/v2\/pages\/632","targetHints":{"allow":["GET"]}}],"collection":[{"href":"https:\/\/metodolumora.com\/index.php\/wp-json\/wp\/v2\/pages"}],"about":[{"href":"https:\/\/metodolumora.com\/index.php\/wp-json\/wp\/v2\/types\/page"}],"author":[{"embeddable":true,"href":"https:\/\/metodolumora.com\/index.php\/wp-json\/wp\/v2\/users\/1"}],"replies":[{"embeddable":true,"href":"https:\/\/metodolumora.com\/index.php\/wp-json\/wp\/v2\/comments?post=632"}],"version-history":[{"count":142,"href":"https:\/\/metodolumora.com\/index.php\/wp-json\/wp\/v2\/pages\/632\/revisions"}],"predecessor-version":[{"id":1833,"href":"https:\/\/metodolumora.com\/index.php\/wp-json\/wp\/v2\/pages\/632\/revisions\/1833"}],"wp:attachment":[{"href":"https:\/\/metodolumora.com\/index.php\/wp-json\/wp\/v2\/media?parent=632"}],"curies":[{"name":"wp","href":"https:\/\/api.w.org\/{rel}","templated":true}]}}